{"id":2507,"date":"2023-05-10T15:25:40","date_gmt":"2023-05-10T13:25:40","guid":{"rendered":"https:\/\/fenixtransbcn.com\/aviso-legal\/"},"modified":"2023-05-10T15:25:40","modified_gmt":"2023-05-10T13:25:40","slug":"aviso-legal","status":"publish","type":"page","link":"https:\/\/fenixtransbcn.com\/en\/aviso-legal\/","title":{"rendered":"Aviso legal"},"content":{"rendered":"<p><strong> 1. En cumplimiento del art\u00edculo 10 de la Ley 34\/2002, de 11 de julio, de Servicios de la Sociedad de la Informaci\u00f3n y Comercio Electr\u00f3nico (en adelante LSSI), pasamos a indicar:<\/strong><\/p>\n<p>Titular de la p\u00e1gina web: THE MOST FORWARD POSITION S.L (en adelante \u201cF\u00c9NIX TRANS\u201d)<br \/>\nDirecci\u00f3n: C\/ Consell de Cent , 185, \u00c1tico<br \/>\nCP: 08015 &#8211; Barcelona<br \/>\nCIF: B04962858<br \/>\nCorreo electr\u00f3nico: <a href=\"http:\/\/185.129.249.137:8880\/smb\/email-address\/edit\/id\/38\/domainId\/60\">fenixtransbcn@hotmail.com<\/a><\/p>\n<p><strong> 2. Propiedad intelectual y responsabilidad sobre los contenidos.<\/strong><\/p>\n<p>2.1. Queda prohibido cualquier uso de todos los contenidos de la p\u00e1gina web de F\u00c9NIX TRANS, concretamente sobre los textos, dise\u00f1o, fotograf\u00edas, obras, marcas, logotipos, c\u00f3digo fuente y cualquier otro susceptible de protecci\u00f3n, sin la autorizaci\u00f3n expresa de sus titulares, salvo la posibilidad de compartir contenidos cuando F\u00c9NIX TRANS as\u00ed lo autorice.<\/p>\n<p>Cualquier uso no permitido ser\u00e1 debidamente perseguido por los leg\u00edtimos propietarios. Igualmente, todos los nombres comerciales, marcas o signos distintivos de cualquier clase contenidos en la p\u00e1gina web de F\u00c9NIX TRANS est\u00e1n protegidos por la ley.<\/p>\n<p>2.2. F\u00c9NIX TRANS no se hace responsable de los contenidos a los que se dirigen los enlaces ubicados en la p\u00e1gina web, en su caso, seg\u00fan lo establecido en el art\u00edculo 17 de la LSSI.<\/p>\n<p>2.3. F\u00c9NIX TRANS no concede ning\u00fan tipo de licencia o autorizaci\u00f3n de uso personal al Usuario sobre sus derechos de propiedad intelectual e industrial o sobre cualquier otro derecho relacionado con la p\u00e1gina web titularidad de F\u00c9NIX TRANS y los servicios ofrecidos en la misma.<\/p>\n<p>Por ello, el Usuario reconoce que la reproducci\u00f3n, distribuci\u00f3n, comercializaci\u00f3n, transformaci\u00f3n, y en general, cualquier otra forma de explotaci\u00f3n, por cualquier procedimiento, de todo o parte de los contenidos de esta p\u00e1gina web constituye una infracci\u00f3n de los derechos de propiedad intelectual y \/o industrial de F\u00c9NIX TRANS o del titular de los mismos, pudiendo dar lugar al ejercicio por parte de F\u00c9NIX TRANS de todas las acciones judiciales o extrajudiciales que pudieran corresponder en ejercicio de sus derechos.<\/p>\n<p>Asimismo, la informaci\u00f3n a la que el cliente puede acceder a trav\u00e9s de la p\u00e1gina web de F\u00c9NIX TRANS, puede estar protegida por derechos de propiedad industrial, intelectual o de otra \u00edndole. En consecuencia F\u00c9NIX TRANS no ser\u00e1 responsable en ning\u00fan caso y bajo ning\u00fan concepto de las infracciones que pueda cometer el Usuario en relaci\u00f3n con estos derechos.<\/p>\n<p><strong> 3. Legislaci\u00f3n aplicable y jurisdicci\u00f3n competente.<\/strong><\/p>\n<p>La presente pol\u00edtica legal queda sujeta a lo establecido en las leyes espa\u00f1olas. Para cualquier conflicto derivado de la interpretaci\u00f3n de las mismas, las partes se someten a la jurisdicci\u00f3n de los Tribunales de la ciudad de Barcelona, \u200b\u200bsiempre que ello no sea contrario a lo dispuesto en el art\u00edculo 29 de la LSSI.<\/p>\n<p><strong> 4. Condiciones de uso.<\/strong><\/p>\n<p>El Usuario se compromete a utilizar la p\u00e1gina web, los contenidos y servicios de conformidad con la Ley, el presente Aviso Legal, las buenas costumbres y el orden p\u00fablico. Del mismo modo, el Usuario se obliga a no utilizar la p\u00e1gina web, sus contenidos o servicios que se presten a trav\u00e9s de \u00e9sta con fines o efectos il\u00edcitos, siendo contrarios a esta pol\u00edtica legal, o lesivos de intereses o derechos de terceros, o que de cualquier otra forma, pueda da\u00f1ar, inutilizar, hacer inaccesibles o deteriorar la p\u00e1gina web, sus contenidos o sus servicios o impedir un normal uso de la misma por parte de otros usuarios.<\/p>\n<p>Asimismo, el Usuario se compromete expresamente a no destruir, alterar, inutilizar o, de cualquier otra forma, da\u00f1ar los datos, programas o documentos electr\u00f3nicos que se encuentren en la p\u00e1gina web.<\/p>\n<p><strong> 5. Condiciones particulares.<\/strong><\/p>\n<p>Este Aviso Legal es de aplicaci\u00f3n para cualquier Usuario que acceda a la p\u00e1gina web titularidad de F\u00c9NIX TRANS.<\/p>\n<p>Los usuarios que entreguen sus datos personales para cualquiera de las funcionalidades de la p\u00e1gina web de F\u00c9NIX TRANS, deber\u00e1n aceptar la\u00a0<a href=\"https:\/\/fenixtransbcn.com\/?attachment_id=2424&#038;lang=en\">Pol\u00edtica de Privacidad<\/a>.<\/p>\n<p>&nbsp;<\/p>\n","protected":false},"excerpt":{"rendered":"<p>1. En cumplimiento del art\u00edculo 10 de la Ley 34\/2002, de 11 de julio, de Servicios de la Sociedad de la Informaci\u00f3n y Comercio Electr\u00f3nico (en adelante LSSI), pasamos a indicar: Titular de la p\u00e1gina web: THE MOST FORWARD POSITION S.L (en adelante \u201cF\u00c9NIX TRANS\u201d) Direcci\u00f3n: C\/ Consell de Cent , 185, \u00c1tico CP: 08015 [&hellip;]<\/p>\n","protected":false},"author":1,"featured_media":0,"parent":0,"menu_order":0,"comment_status":"closed","ping_status":"closed","template":"","meta":{"_acf_changed":false,"footnotes":""},"class_list":["post-2507","page","type-page","status-publish","hentry"],"acf":[],"yoast_head":"<!-- This site is optimized with the Yoast SEO plugin v27.4 - https:\/\/yoast.com\/product\/yoast-seo-wordpress\/ -->\n<title>Aviso legal - F\u00c9NIX TRANS BCN<\/title>\n<meta name=\"description\" content=\"1. En cumplimiento del art\u00edculo 10 de la Ley 34\/2002, de 11 de julio, de Servicios de la Sociedad de la Informaci\u00f3n y Comercio Electr\u00f3nico (en adelante\" \/>\n<meta name=\"robots\" content=\"index, follow, max-snippet:-1, max-image-preview:large, max-video-preview:-1\" \/>\n<link rel=\"canonical\" href=\"https:\/\/fenixtransbcn.com\/aviso-legal\/?lang=en\" \/>\n<meta property=\"og:locale\" content=\"en_US\" \/>\n<meta property=\"og:type\" content=\"article\" \/>\n<meta property=\"og:title\" content=\"Aviso legal - F\u00c9NIX TRANS BCN\" \/>\n<meta property=\"og:description\" content=\"1. En cumplimiento del art\u00edculo 10 de la Ley 34\/2002, de 11 de julio, de Servicios de la Sociedad de la Informaci\u00f3n y Comercio Electr\u00f3nico (en adelante\" \/>\n<meta property=\"og:url\" content=\"https:\/\/fenixtransbcn.com\/aviso-legal\/?lang=en\" \/>\n<meta property=\"og:site_name\" content=\"F\u00c9NIX TRANS BCN\" \/>\n<meta property=\"og:image\" content=\"https:\/\/fenixtransbcn.com\/wp-content\/uploads\/fenix-trans-logo.jpg\" \/>\n\t<meta property=\"og:image:width\" content=\"460\" \/>\n\t<meta property=\"og:image:height\" content=\"125\" \/>\n\t<meta property=\"og:image:type\" content=\"image\/jpeg\" \/>\n<meta name=\"twitter:card\" content=\"summary_large_image\" \/>\n<meta name=\"twitter:label1\" content=\"Est. reading time\" \/>\n\t<meta name=\"twitter:data1\" content=\"3 minutes\" \/>\n<script type=\"application\/ld+json\" class=\"yoast-schema-graph\">{\"@context\":\"https:\\\/\\\/schema.org\",\"@graph\":[{\"@type\":\"WebPage\",\"@id\":\"https:\\\/\\\/fenixtransbcn.com\\\/aviso-legal\\\/?lang=en\",\"url\":\"https:\\\/\\\/fenixtransbcn.com\\\/aviso-legal\\\/?lang=en\",\"name\":\"Aviso legal - F\u00c9NIX TRANS BCN\",\"isPartOf\":{\"@id\":\"https:\\\/\\\/fenixtransbcn.com\\\/#website\"},\"datePublished\":\"2023-05-10T13:25:40+00:00\",\"description\":\"1. En cumplimiento del art\u00edculo 10 de la Ley 34\\\/2002, de 11 de julio, de Servicios de la Sociedad de la Informaci\u00f3n y Comercio Electr\u00f3nico (en adelante\",\"breadcrumb\":{\"@id\":\"https:\\\/\\\/fenixtransbcn.com\\\/aviso-legal\\\/?lang=en#breadcrumb\"},\"inLanguage\":\"en-US\",\"potentialAction\":[{\"@type\":\"ReadAction\",\"target\":[\"https:\\\/\\\/fenixtransbcn.com\\\/aviso-legal\\\/?lang=en\"]}]},{\"@type\":\"BreadcrumbList\",\"@id\":\"https:\\\/\\\/fenixtransbcn.com\\\/aviso-legal\\\/?lang=en#breadcrumb\",\"itemListElement\":[{\"@type\":\"ListItem\",\"position\":1,\"name\":\"Portada\",\"item\":\"https:\\\/\\\/fenixtransbcn.com\\\/shemales\\\/?lang=en\"},{\"@type\":\"ListItem\",\"position\":2,\"name\":\"Aviso legal\"}]},{\"@type\":\"WebSite\",\"@id\":\"https:\\\/\\\/fenixtransbcn.com\\\/#website\",\"url\":\"https:\\\/\\\/fenixtransbcn.com\\\/\",\"name\":\"F\u00c9NIX TRANS\",\"description\":\"Centro de masajes con masajistas trans en Barcelona\",\"publisher\":{\"@id\":\"https:\\\/\\\/fenixtransbcn.com\\\/#organization\"},\"alternateName\":\"Travestis Barcelona\",\"potentialAction\":[{\"@type\":\"SearchAction\",\"target\":{\"@type\":\"EntryPoint\",\"urlTemplate\":\"https:\\\/\\\/fenixtransbcn.com\\\/?s={search_term_string}\"},\"query-input\":{\"@type\":\"PropertyValueSpecification\",\"valueRequired\":true,\"valueName\":\"search_term_string\"}}],\"inLanguage\":\"en-US\"},{\"@type\":\"Organization\",\"@id\":\"https:\\\/\\\/fenixtransbcn.com\\\/#organization\",\"name\":\"F\u00c9NIX TRANS BARCELONA\",\"url\":\"https:\\\/\\\/fenixtransbcn.com\\\/\",\"logo\":{\"@type\":\"ImageObject\",\"inLanguage\":\"en-US\",\"@id\":\"https:\\\/\\\/fenixtransbcn.com\\\/#\\\/schema\\\/logo\\\/image\\\/\",\"url\":\"https:\\\/\\\/fenixtransbcn.com\\\/wp-content\\\/uploads\\\/fenix-trans-logo.jpg\",\"contentUrl\":\"https:\\\/\\\/fenixtransbcn.com\\\/wp-content\\\/uploads\\\/fenix-trans-logo.jpg\",\"width\":460,\"height\":125,\"caption\":\"F\u00c9NIX TRANS BARCELONA\"},\"image\":{\"@id\":\"https:\\\/\\\/fenixtransbcn.com\\\/#\\\/schema\\\/logo\\\/image\\\/\"}}]}<\/script>\n<!-- \/ Yoast SEO plugin. -->","yoast_head_json":{"title":"Aviso legal - F\u00c9NIX TRANS BCN","description":"1. En cumplimiento del art\u00edculo 10 de la Ley 34\/2002, de 11 de julio, de Servicios de la Sociedad de la Informaci\u00f3n y Comercio Electr\u00f3nico (en adelante","robots":{"index":"index","follow":"follow","max-snippet":"max-snippet:-1","max-image-preview":"max-image-preview:large","max-video-preview":"max-video-preview:-1"},"canonical":"https:\/\/fenixtransbcn.com\/aviso-legal\/?lang=en","og_locale":"en_US","og_type":"article","og_title":"Aviso legal - F\u00c9NIX TRANS BCN","og_description":"1. En cumplimiento del art\u00edculo 10 de la Ley 34\/2002, de 11 de julio, de Servicios de la Sociedad de la Informaci\u00f3n y Comercio Electr\u00f3nico (en adelante","og_url":"https:\/\/fenixtransbcn.com\/aviso-legal\/?lang=en","og_site_name":"F\u00c9NIX TRANS BCN","og_image":[{"width":460,"height":125,"url":"https:\/\/fenixtransbcn.com\/wp-content\/uploads\/fenix-trans-logo.jpg","type":"image\/jpeg"}],"twitter_card":"summary_large_image","twitter_misc":{"Est. reading time":"3 minutes"},"schema":{"@context":"https:\/\/schema.org","@graph":[{"@type":"WebPage","@id":"https:\/\/fenixtransbcn.com\/aviso-legal\/?lang=en","url":"https:\/\/fenixtransbcn.com\/aviso-legal\/?lang=en","name":"Aviso legal - F\u00c9NIX TRANS BCN","isPartOf":{"@id":"https:\/\/fenixtransbcn.com\/#website"},"datePublished":"2023-05-10T13:25:40+00:00","description":"1. En cumplimiento del art\u00edculo 10 de la Ley 34\/2002, de 11 de julio, de Servicios de la Sociedad de la Informaci\u00f3n y Comercio Electr\u00f3nico (en adelante","breadcrumb":{"@id":"https:\/\/fenixtransbcn.com\/aviso-legal\/?lang=en#breadcrumb"},"inLanguage":"en-US","potentialAction":[{"@type":"ReadAction","target":["https:\/\/fenixtransbcn.com\/aviso-legal\/?lang=en"]}]},{"@type":"BreadcrumbList","@id":"https:\/\/fenixtransbcn.com\/aviso-legal\/?lang=en#breadcrumb","itemListElement":[{"@type":"ListItem","position":1,"name":"Portada","item":"https:\/\/fenixtransbcn.com\/shemales\/?lang=en"},{"@type":"ListItem","position":2,"name":"Aviso legal"}]},{"@type":"WebSite","@id":"https:\/\/fenixtransbcn.com\/#website","url":"https:\/\/fenixtransbcn.com\/","name":"F\u00c9NIX TRANS","description":"Centro de masajes con masajistas trans en Barcelona","publisher":{"@id":"https:\/\/fenixtransbcn.com\/#organization"},"alternateName":"Travestis Barcelona","potentialAction":[{"@type":"SearchAction","target":{"@type":"EntryPoint","urlTemplate":"https:\/\/fenixtransbcn.com\/?s={search_term_string}"},"query-input":{"@type":"PropertyValueSpecification","valueRequired":true,"valueName":"search_term_string"}}],"inLanguage":"en-US"},{"@type":"Organization","@id":"https:\/\/fenixtransbcn.com\/#organization","name":"F\u00c9NIX TRANS BARCELONA","url":"https:\/\/fenixtransbcn.com\/","logo":{"@type":"ImageObject","inLanguage":"en-US","@id":"https:\/\/fenixtransbcn.com\/#\/schema\/logo\/image\/","url":"https:\/\/fenixtransbcn.com\/wp-content\/uploads\/fenix-trans-logo.jpg","contentUrl":"https:\/\/fenixtransbcn.com\/wp-content\/uploads\/fenix-trans-logo.jpg","width":460,"height":125,"caption":"F\u00c9NIX TRANS BARCELONA"},"image":{"@id":"https:\/\/fenixtransbcn.com\/#\/schema\/logo\/image\/"}}]}},"_links":{"self":[{"href":"https:\/\/fenixtransbcn.com\/en\/wp-json\/wp\/v2\/pages\/2507","targetHints":{"allow":["GET"]}}],"collection":[{"href":"https:\/\/fenixtransbcn.com\/en\/wp-json\/wp\/v2\/pages"}],"about":[{"href":"https:\/\/fenixtransbcn.com\/en\/wp-json\/wp\/v2\/types\/page"}],"author":[{"embeddable":true,"href":"https:\/\/fenixtransbcn.com\/en\/wp-json\/wp\/v2\/users\/1"}],"replies":[{"embeddable":true,"href":"https:\/\/fenixtransbcn.com\/en\/wp-json\/wp\/v2\/comments?post=2507"}],"version-history":[{"count":0,"href":"https:\/\/fenixtransbcn.com\/en\/wp-json\/wp\/v2\/pages\/2507\/revisions"}],"wp:attachment":[{"href":"https:\/\/fenixtransbcn.com\/en\/wp-json\/wp\/v2\/media?parent=2507"}],"curies":[{"name":"wp","href":"https:\/\/api.w.org\/{rel}","templated":true}]}}