{"id":2553,"date":"2023-05-10T15:25:56","date_gmt":"2023-05-10T13:25:56","guid":{"rendered":"https:\/\/fenixtransbcn.com\/contact\/"},"modified":"2023-05-10T15:25:56","modified_gmt":"2023-05-10T13:25:56","slug":"contact","status":"publish","type":"page","link":"https:\/\/fenixtransbcn.com\/fr\/contact\/","title":{"rendered":"Contact"},"content":{"rendered":"<p class=\"Standard\">Notre magnifique appartement est situ\u00e9 Carrer Consell de Cent, 185, penthouse 1, dans une zone centrale de la ville, dans le beau quartier de l&rsquo;Eixample. C&rsquo;est sans aucun doute le quartier le plus agr\u00e9able \u00e0 vivre, car \u00e0 deux rues de l\u00e0, on trouve tout, et la communication avec les transports publics est excellente.  <\/p>\n<p class=\"Standard\">Nous sommes disponibles 24 heures sur 24 et vous pouvez nous contacter par t\u00e9l\u00e9phone au 615 79 67 80 ou par e-mail \u00e0 l&rsquo;adresse <a class=\"rABsFf RffVmb AL18ce\" href=\"mailto:fenixtransbcn@hotmail.com\" target=\"_blank\" rel=\"noopener\" data-tooltip-position=\"top\" data-tooltip=\"Dels teus contactes de Google\">fenixtransbcn@hotmail.com<\/a>.<\/p>\n<div id=\"mapa\"><iframe loading=\"lazy\" style=\"border: 0;\" src=\"https:\/\/www.google.com\/maps\/embed?pb=!1m18!1m12!1m3!1d2993.5547158370605!2d2.15336851542568!3d41.383758179264504!2m3!1f0!2f0!3f0!3m2!1i1024!2i768!4f13.1!3m3!1m2!1s0x12a4a28883d841e7%3A0x790d00197b823b5e!2sC%2F%20del%20Consell%20de%20Cent%2C%20185%2C%2008015%20Barcelona!5e0!3m2!1ses!2ses!4v1684871526988!5m2!1ses!2ses\" width=\"600\" height=\"450\" allowfullscreen=\"allowfullscreen\"><\/iframe><\/div>\n","protected":false},"excerpt":{"rendered":"<p>Notre magnifique appartement est situ\u00e9 Carrer Consell de Cent, 185, penthouse 1, dans une zone centrale de la ville, dans le beau quartier de l&rsquo;Eixample. C&rsquo;est sans aucun doute le quartier le plus agr\u00e9able \u00e0 vivre, car \u00e0 deux rues de l\u00e0, on trouve tout, et la communication avec les transports publics est excellente. Nous [&hellip;]<\/p>\n","protected":false},"author":1,"featured_media":0,"parent":0,"menu_order":0,"comment_status":"closed","ping_status":"closed","template":"","meta":{"_acf_changed":false,"footnotes":""},"class_list":["post-2553","page","type-page","status-publish","hentry"],"acf":[],"yoast_head":"<!-- This site is optimized with the Yoast SEO plugin v27.4 - https:\/\/yoast.com\/product\/yoast-seo-wordpress\/ -->\n<title>Contact - F\u00c9NIX TRANS BCN<\/title>\n<meta name=\"description\" content=\"Magnifique appartement situ\u00e9 \u00e0 Consell de Cent, 185, penthouse 1, dans une zone centrale de la ville, dans le beau quartier de l&#039;Eixample.\" \/>\n<meta name=\"robots\" content=\"index, follow, max-snippet:-1, max-image-preview:large, max-video-preview:-1\" \/>\n<link rel=\"canonical\" href=\"https:\/\/fenixtransbcn.com\/contact\/?lang=fr\" \/>\n<meta property=\"og:locale\" content=\"fr_FR\" \/>\n<meta property=\"og:type\" content=\"article\" \/>\n<meta property=\"og:title\" content=\"Contact - F\u00c9NIX TRANS BCN\" \/>\n<meta property=\"og:description\" content=\"Magnifique appartement situ\u00e9 \u00e0 Consell de Cent, 185, penthouse 1, dans une zone centrale de la ville, dans le beau quartier de l&#039;Eixample.\" \/>\n<meta property=\"og:url\" content=\"https:\/\/fenixtransbcn.com\/contact\/?lang=fr\" \/>\n<meta property=\"og:site_name\" content=\"F\u00c9NIX TRANS BCN\" \/>\n<meta property=\"og:image\" content=\"https:\/\/fenixtransbcn.com\/wp-content\/uploads\/fenix-trans-logo.jpg\" \/>\n\t<meta property=\"og:image:width\" content=\"460\" \/>\n\t<meta property=\"og:image:height\" content=\"125\" \/>\n\t<meta property=\"og:image:type\" content=\"image\/jpeg\" \/>\n<meta name=\"twitter:card\" content=\"summary_large_image\" \/>\n<script type=\"application\/ld+json\" class=\"yoast-schema-graph\">{\"@context\":\"https:\\\/\\\/schema.org\",\"@graph\":[{\"@type\":\"WebPage\",\"@id\":\"https:\\\/\\\/fenixtransbcn.com\\\/contact\\\/?lang=fr\",\"url\":\"https:\\\/\\\/fenixtransbcn.com\\\/contact\\\/?lang=fr\",\"name\":\"Contact - F\u00c9NIX TRANS BCN\",\"isPartOf\":{\"@id\":\"https:\\\/\\\/fenixtransbcn.com\\\/#website\"},\"datePublished\":\"2023-05-10T13:25:56+00:00\",\"description\":\"Magnifique appartement situ\u00e9 \u00e0 Consell de Cent, 185, penthouse 1, dans une zone centrale de la ville, dans le beau quartier de l'Eixample.\",\"breadcrumb\":{\"@id\":\"https:\\\/\\\/fenixtransbcn.com\\\/contact\\\/?lang=fr#breadcrumb\"},\"inLanguage\":\"fr-FR\",\"potentialAction\":[{\"@type\":\"ReadAction\",\"target\":[\"https:\\\/\\\/fenixtransbcn.com\\\/contact\\\/?lang=fr\"]}]},{\"@type\":\"BreadcrumbList\",\"@id\":\"https:\\\/\\\/fenixtransbcn.com\\\/contact\\\/?lang=fr#breadcrumb\",\"itemListElement\":[{\"@type\":\"ListItem\",\"position\":1,\"name\":\"Portada\",\"item\":\"https:\\\/\\\/fenixtransbcn.com\\\/travestis\\\/?lang=fr\"},{\"@type\":\"ListItem\",\"position\":2,\"name\":\"Contact\"}]},{\"@type\":\"WebSite\",\"@id\":\"https:\\\/\\\/fenixtransbcn.com\\\/#website\",\"url\":\"https:\\\/\\\/fenixtransbcn.com\\\/\",\"name\":\"F\u00c9NIX TRANS\",\"description\":\"Centro de masajes con masajistas trans en Barcelona\",\"publisher\":{\"@id\":\"https:\\\/\\\/fenixtransbcn.com\\\/#organization\"},\"alternateName\":\"Travestis Barcelona\",\"potentialAction\":[{\"@type\":\"SearchAction\",\"target\":{\"@type\":\"EntryPoint\",\"urlTemplate\":\"https:\\\/\\\/fenixtransbcn.com\\\/?s={search_term_string}\"},\"query-input\":{\"@type\":\"PropertyValueSpecification\",\"valueRequired\":true,\"valueName\":\"search_term_string\"}}],\"inLanguage\":\"fr-FR\"},{\"@type\":\"Organization\",\"@id\":\"https:\\\/\\\/fenixtransbcn.com\\\/#organization\",\"name\":\"F\u00c9NIX TRANS BARCELONA\",\"url\":\"https:\\\/\\\/fenixtransbcn.com\\\/\",\"logo\":{\"@type\":\"ImageObject\",\"inLanguage\":\"fr-FR\",\"@id\":\"https:\\\/\\\/fenixtransbcn.com\\\/#\\\/schema\\\/logo\\\/image\\\/\",\"url\":\"https:\\\/\\\/fenixtransbcn.com\\\/wp-content\\\/uploads\\\/fenix-trans-logo.jpg\",\"contentUrl\":\"https:\\\/\\\/fenixtransbcn.com\\\/wp-content\\\/uploads\\\/fenix-trans-logo.jpg\",\"width\":460,\"height\":125,\"caption\":\"F\u00c9NIX TRANS BARCELONA\"},\"image\":{\"@id\":\"https:\\\/\\\/fenixtransbcn.com\\\/#\\\/schema\\\/logo\\\/image\\\/\"}}]}<\/script>\n<!-- \/ Yoast SEO plugin. -->","yoast_head_json":{"title":"Contact - F\u00c9NIX TRANS BCN","description":"Magnifique appartement situ\u00e9 \u00e0 Consell de Cent, 185, penthouse 1, dans une zone centrale de la ville, dans le beau quartier de l'Eixample.","robots":{"index":"index","follow":"follow","max-snippet":"max-snippet:-1","max-image-preview":"max-image-preview:large","max-video-preview":"max-video-preview:-1"},"canonical":"https:\/\/fenixtransbcn.com\/contact\/?lang=fr","og_locale":"fr_FR","og_type":"article","og_title":"Contact - F\u00c9NIX TRANS BCN","og_description":"Magnifique appartement situ\u00e9 \u00e0 Consell de Cent, 185, penthouse 1, dans une zone centrale de la ville, dans le beau quartier de l'Eixample.","og_url":"https:\/\/fenixtransbcn.com\/contact\/?lang=fr","og_site_name":"F\u00c9NIX TRANS BCN","og_image":[{"width":460,"height":125,"url":"https:\/\/fenixtransbcn.com\/wp-content\/uploads\/fenix-trans-logo.jpg","type":"image\/jpeg"}],"twitter_card":"summary_large_image","schema":{"@context":"https:\/\/schema.org","@graph":[{"@type":"WebPage","@id":"https:\/\/fenixtransbcn.com\/contact\/?lang=fr","url":"https:\/\/fenixtransbcn.com\/contact\/?lang=fr","name":"Contact - F\u00c9NIX TRANS BCN","isPartOf":{"@id":"https:\/\/fenixtransbcn.com\/#website"},"datePublished":"2023-05-10T13:25:56+00:00","description":"Magnifique appartement situ\u00e9 \u00e0 Consell de Cent, 185, penthouse 1, dans une zone centrale de la ville, dans le beau quartier de l'Eixample.","breadcrumb":{"@id":"https:\/\/fenixtransbcn.com\/contact\/?lang=fr#breadcrumb"},"inLanguage":"fr-FR","potentialAction":[{"@type":"ReadAction","target":["https:\/\/fenixtransbcn.com\/contact\/?lang=fr"]}]},{"@type":"BreadcrumbList","@id":"https:\/\/fenixtransbcn.com\/contact\/?lang=fr#breadcrumb","itemListElement":[{"@type":"ListItem","position":1,"name":"Portada","item":"https:\/\/fenixtransbcn.com\/travestis\/?lang=fr"},{"@type":"ListItem","position":2,"name":"Contact"}]},{"@type":"WebSite","@id":"https:\/\/fenixtransbcn.com\/#website","url":"https:\/\/fenixtransbcn.com\/","name":"F\u00c9NIX TRANS","description":"Centro de masajes con masajistas trans en Barcelona","publisher":{"@id":"https:\/\/fenixtransbcn.com\/#organization"},"alternateName":"Travestis Barcelona","potentialAction":[{"@type":"SearchAction","target":{"@type":"EntryPoint","urlTemplate":"https:\/\/fenixtransbcn.com\/?s={search_term_string}"},"query-input":{"@type":"PropertyValueSpecification","valueRequired":true,"valueName":"search_term_string"}}],"inLanguage":"fr-FR"},{"@type":"Organization","@id":"https:\/\/fenixtransbcn.com\/#organization","name":"F\u00c9NIX TRANS BARCELONA","url":"https:\/\/fenixtransbcn.com\/","logo":{"@type":"ImageObject","inLanguage":"fr-FR","@id":"https:\/\/fenixtransbcn.com\/#\/schema\/logo\/image\/","url":"https:\/\/fenixtransbcn.com\/wp-content\/uploads\/fenix-trans-logo.jpg","contentUrl":"https:\/\/fenixtransbcn.com\/wp-content\/uploads\/fenix-trans-logo.jpg","width":460,"height":125,"caption":"F\u00c9NIX TRANS BARCELONA"},"image":{"@id":"https:\/\/fenixtransbcn.com\/#\/schema\/logo\/image\/"}}]}},"_links":{"self":[{"href":"https:\/\/fenixtransbcn.com\/fr\/wp-json\/wp\/v2\/pages\/2553","targetHints":{"allow":["GET"]}}],"collection":[{"href":"https:\/\/fenixtransbcn.com\/fr\/wp-json\/wp\/v2\/pages"}],"about":[{"href":"https:\/\/fenixtransbcn.com\/fr\/wp-json\/wp\/v2\/types\/page"}],"author":[{"embeddable":true,"href":"https:\/\/fenixtransbcn.com\/fr\/wp-json\/wp\/v2\/users\/1"}],"replies":[{"embeddable":true,"href":"https:\/\/fenixtransbcn.com\/fr\/wp-json\/wp\/v2\/comments?post=2553"}],"version-history":[{"count":0,"href":"https:\/\/fenixtransbcn.com\/fr\/wp-json\/wp\/v2\/pages\/2553\/revisions"}],"wp:attachment":[{"href":"https:\/\/fenixtransbcn.com\/fr\/wp-json\/wp\/v2\/media?parent=2553"}],"curies":[{"name":"wp","href":"https:\/\/api.w.org\/{rel}","templated":true}]}}