{"id":2554,"date":"2023-05-10T15:26:24","date_gmt":"2023-05-10T13:26:24","guid":{"rendered":"https:\/\/fenixtransbcn.com\/installations\/"},"modified":"2024-11-11T16:28:48","modified_gmt":"2024-11-11T15:28:48","slug":"installations","status":"publish","type":"page","link":"https:\/\/fenixtransbcn.com\/fr\/installations\/","title":{"rendered":"Installations"},"content":{"rendered":"<h3 style=\"text-align: center;\">Un espace con\u00e7u pour satisfaire les clients les plus exigeants.<\/h3>\n<p>Notre logement dispose \u00e9videmment de tout le confort et des commodit\u00e9s dont vous avez besoin, pour que rien ne manque et que tout soit toujours aux normes : hygi\u00e8ne, musique destin\u00e9e \u00e0 la d\u00e9tente, chambres bien \u00e9quip\u00e9es et toutes sortes d&rsquo;espaces vari\u00e9s pour que vous puissiez choisir l&rsquo;ambiance de votre s\u00e9jour. pr\u00e9f\u00e9rence. Nous offrons toujours le meilleur service ! Et nous le faisons parce que nous savons exactement ce dont notre public a besoin. Ici, vous trouverez toujours du luxe, du confort et bien plus encore&#8230; F\u00e9nix Trans Barcelona a d\u00e9finitivement tout pour plaire !   <\/p>\n\n\t\t<style type=\"text\/css\">\n\t\t\t#gallery-1 {\n\t\t\t\tmargin: auto;\n\t\t\t}\n\t\t\t#gallery-1 .gallery-item {\n\t\t\t\tfloat: left;\n\t\t\t\tmargin-top: 10px;\n\t\t\t\ttext-align: center;\n\t\t\t\twidth: 25%;\n\t\t\t}\n\t\t\t#gallery-1 img {\n\t\t\t\tborder: 2px solid #cfcfcf;\n\t\t\t}\n\t\t\t#gallery-1 .gallery-caption {\n\t\t\t\tmargin-left: 0;\n\t\t\t}\n\t\t\t\/* see gallery_shortcode() in wp-includes\/media.php *\/\n\t\t<\/style>\n\t\t<div id='gallery-1' class='gallery galleryid-2554 gallery-columns-4 gallery-size-thumbnail'><dl class='gallery-item'>\n\t\t\t<dt class='gallery-icon portrait'>\n\t\t\t\t<a href='https:\/\/fenixtransbcn.com\/wp-content\/uploads\/01-3.jpeg'><img loading=\"lazy\" decoding=\"async\" width=\"300\" height=\"300\" src=\"https:\/\/fenixtransbcn.com\/wp-content\/uploads\/01-3-300x300.jpeg\" class=\"attachment-thumbnail size-thumbnail\" alt=\"\" \/><\/a>\n\t\t\t<\/dt><\/dl><dl class='gallery-item'>\n\t\t\t<dt class='gallery-icon portrait'>\n\t\t\t\t<a href='https:\/\/fenixtransbcn.com\/wp-content\/uploads\/02-3.jpeg'><img loading=\"lazy\" decoding=\"async\" width=\"300\" height=\"300\" src=\"https:\/\/fenixtransbcn.com\/wp-content\/uploads\/02-3-300x300.jpeg\" class=\"attachment-thumbnail size-thumbnail\" alt=\"\" \/><\/a>\n\t\t\t<\/dt><\/dl><dl class='gallery-item'>\n\t\t\t<dt class='gallery-icon landscape'>\n\t\t\t\t<a href='https:\/\/fenixtransbcn.com\/wp-content\/uploads\/03-3.jpeg'><img loading=\"lazy\" decoding=\"async\" width=\"300\" height=\"300\" src=\"https:\/\/fenixtransbcn.com\/wp-content\/uploads\/03-3-300x300.jpeg\" class=\"attachment-thumbnail size-thumbnail\" alt=\"\" \/><\/a>\n\t\t\t<\/dt><\/dl><dl class='gallery-item'>\n\t\t\t<dt class='gallery-icon portrait'>\n\t\t\t\t<a href='https:\/\/fenixtransbcn.com\/wp-content\/uploads\/04-3.jpeg'><img loading=\"lazy\" decoding=\"async\" width=\"300\" height=\"300\" src=\"https:\/\/fenixtransbcn.com\/wp-content\/uploads\/04-3-300x300.jpeg\" class=\"attachment-thumbnail size-thumbnail\" alt=\"\" \/><\/a>\n\t\t\t<\/dt><\/dl><br style=\"clear: both\" \/><dl class='gallery-item'>\n\t\t\t<dt class='gallery-icon portrait'>\n\t\t\t\t<a href='https:\/\/fenixtransbcn.com\/wp-content\/uploads\/05.jpeg'><img loading=\"lazy\" decoding=\"async\" width=\"300\" height=\"300\" src=\"https:\/\/fenixtransbcn.com\/wp-content\/uploads\/05-300x300.jpeg\" class=\"attachment-thumbnail size-thumbnail\" alt=\"\" \/><\/a>\n\t\t\t<\/dt><\/dl><dl class='gallery-item'>\n\t\t\t<dt class='gallery-icon portrait'>\n\t\t\t\t<a href='https:\/\/fenixtransbcn.com\/wp-content\/uploads\/06.jpeg'><img loading=\"lazy\" decoding=\"async\" width=\"300\" height=\"300\" src=\"https:\/\/fenixtransbcn.com\/wp-content\/uploads\/06-300x300.jpeg\" class=\"attachment-thumbnail size-thumbnail\" alt=\"\" \/><\/a>\n\t\t\t<\/dt><\/dl><dl class='gallery-item'>\n\t\t\t<dt class='gallery-icon landscape'>\n\t\t\t\t<a href='https:\/\/fenixtransbcn.com\/wp-content\/uploads\/07.jpeg'><img loading=\"lazy\" decoding=\"async\" width=\"300\" height=\"300\" src=\"https:\/\/fenixtransbcn.com\/wp-content\/uploads\/07-300x300.jpeg\" class=\"attachment-thumbnail size-thumbnail\" alt=\"\" \/><\/a>\n\t\t\t<\/dt><\/dl><dl class='gallery-item'>\n\t\t\t<dt class='gallery-icon portrait'>\n\t\t\t\t<a href='https:\/\/fenixtransbcn.com\/wp-content\/uploads\/08.jpeg'><img loading=\"lazy\" decoding=\"async\" width=\"300\" height=\"300\" src=\"https:\/\/fenixtransbcn.com\/wp-content\/uploads\/08-300x300.jpeg\" class=\"attachment-thumbnail size-thumbnail\" alt=\"\" \/><\/a>\n\t\t\t<\/dt><\/dl><br style=\"clear: both\" \/>\n\t\t<\/div>\n\n<p>&nbsp;<\/p>\n","protected":false},"excerpt":{"rendered":"<p>Un espace con\u00e7u pour satisfaire les clients les plus exigeants. Notre logement dispose \u00e9videmment de tout le confort et des commodit\u00e9s dont vous avez besoin, pour que rien ne manque et que tout soit toujours aux normes : hygi\u00e8ne, musique destin\u00e9e \u00e0 la d\u00e9tente, chambres bien \u00e9quip\u00e9es et toutes sortes d&rsquo;espaces vari\u00e9s pour que vous [&hellip;]<\/p>\n","protected":false},"author":1,"featured_media":0,"parent":0,"menu_order":0,"comment_status":"closed","ping_status":"closed","template":"","meta":{"_acf_changed":false,"footnotes":""},"class_list":["post-2554","page","type-page","status-publish","hentry"],"acf":[],"yoast_head":"<!-- This site is optimized with the Yoast SEO plugin v27.4 - https:\/\/yoast.com\/product\/yoast-seo-wordpress\/ -->\n<title>Installations - F\u00c9NIX TRANS BCN<\/title>\n<meta name=\"description\" content=\"Nos locaux disposent \u00e9videmment de tout le confort et de tous les \u00e9quipements dont vous avez besoin, de sorte que rien ne manque et que tout soit toujours \u00e0 votre go\u00fbt.\" \/>\n<meta name=\"robots\" content=\"index, follow, max-snippet:-1, max-image-preview:large, max-video-preview:-1\" \/>\n<link rel=\"canonical\" href=\"https:\/\/fenixtransbcn.com\/fr\/installations\/\" \/>\n<meta property=\"og:locale\" content=\"fr_FR\" \/>\n<meta property=\"og:type\" content=\"article\" \/>\n<meta property=\"og:title\" content=\"Installations - F\u00c9NIX TRANS BCN\" \/>\n<meta property=\"og:description\" content=\"Nos locaux disposent \u00e9videmment de tout le confort et de tous les \u00e9quipements dont vous avez besoin, de sorte que rien ne manque et que tout soit toujours \u00e0 votre go\u00fbt.\" \/>\n<meta property=\"og:url\" content=\"https:\/\/fenixtransbcn.com\/fr\/installations\/\" \/>\n<meta property=\"og:site_name\" content=\"F\u00c9NIX TRANS BCN\" \/>\n<meta property=\"article:modified_time\" content=\"2024-11-11T15:28:48+00:00\" \/>\n<meta property=\"og:image\" content=\"https:\/\/fenixtransbcn.com\/wp-content\/uploads\/01-3-300x300.jpeg\" \/>\n<meta name=\"twitter:card\" content=\"summary_large_image\" \/>\n<meta name=\"twitter:label1\" content=\"Dur\u00e9e de lecture estim\u00e9e\" \/>\n\t<meta name=\"twitter:data1\" content=\"1 minute\" \/>\n<script type=\"application\/ld+json\" class=\"yoast-schema-graph\">{\"@context\":\"https:\\\/\\\/schema.org\",\"@graph\":[{\"@type\":\"WebPage\",\"@id\":\"https:\\\/\\\/fenixtransbcn.com\\\/fr\\\/installations\\\/\",\"url\":\"https:\\\/\\\/fenixtransbcn.com\\\/fr\\\/installations\\\/\",\"name\":\"Installations - F\u00c9NIX TRANS BCN\",\"isPartOf\":{\"@id\":\"https:\\\/\\\/fenixtransbcn.com\\\/#website\"},\"datePublished\":\"2023-05-10T13:26:24+00:00\",\"dateModified\":\"2024-11-11T15:28:48+00:00\",\"description\":\"Nos locaux disposent \u00e9videmment de tout le confort et de tous les \u00e9quipements dont vous avez besoin, de sorte que rien ne manque et que tout soit toujours \u00e0 votre go\u00fbt.\",\"breadcrumb\":{\"@id\":\"https:\\\/\\\/fenixtransbcn.com\\\/fr\\\/installations\\\/#breadcrumb\"},\"inLanguage\":\"fr-FR\",\"potentialAction\":[{\"@type\":\"ReadAction\",\"target\":[\"https:\\\/\\\/fenixtransbcn.com\\\/fr\\\/installations\\\/\"]}]},{\"@type\":\"BreadcrumbList\",\"@id\":\"https:\\\/\\\/fenixtransbcn.com\\\/fr\\\/installations\\\/#breadcrumb\",\"itemListElement\":[{\"@type\":\"ListItem\",\"position\":1,\"name\":\"Portada\",\"item\":\"https:\\\/\\\/fenixtransbcn.com\\\/travestis\\\/?lang=fr\"},{\"@type\":\"ListItem\",\"position\":2,\"name\":\"Installations\"}]},{\"@type\":\"WebSite\",\"@id\":\"https:\\\/\\\/fenixtransbcn.com\\\/#website\",\"url\":\"https:\\\/\\\/fenixtransbcn.com\\\/\",\"name\":\"F\u00c9NIX TRANS\",\"description\":\"Centro de masajes con masajistas trans en Barcelona\",\"publisher\":{\"@id\":\"https:\\\/\\\/fenixtransbcn.com\\\/#organization\"},\"alternateName\":\"Travestis Barcelona\",\"potentialAction\":[{\"@type\":\"SearchAction\",\"target\":{\"@type\":\"EntryPoint\",\"urlTemplate\":\"https:\\\/\\\/fenixtransbcn.com\\\/?s={search_term_string}\"},\"query-input\":{\"@type\":\"PropertyValueSpecification\",\"valueRequired\":true,\"valueName\":\"search_term_string\"}}],\"inLanguage\":\"fr-FR\"},{\"@type\":\"Organization\",\"@id\":\"https:\\\/\\\/fenixtransbcn.com\\\/#organization\",\"name\":\"F\u00c9NIX TRANS BARCELONA\",\"url\":\"https:\\\/\\\/fenixtransbcn.com\\\/\",\"logo\":{\"@type\":\"ImageObject\",\"inLanguage\":\"fr-FR\",\"@id\":\"https:\\\/\\\/fenixtransbcn.com\\\/#\\\/schema\\\/logo\\\/image\\\/\",\"url\":\"https:\\\/\\\/fenixtransbcn.com\\\/wp-content\\\/uploads\\\/fenix-trans-logo.jpg\",\"contentUrl\":\"https:\\\/\\\/fenixtransbcn.com\\\/wp-content\\\/uploads\\\/fenix-trans-logo.jpg\",\"width\":460,\"height\":125,\"caption\":\"F\u00c9NIX TRANS BARCELONA\"},\"image\":{\"@id\":\"https:\\\/\\\/fenixtransbcn.com\\\/#\\\/schema\\\/logo\\\/image\\\/\"}}]}<\/script>\n<!-- \/ Yoast SEO plugin. -->","yoast_head_json":{"title":"Installations - F\u00c9NIX TRANS BCN","description":"Nos locaux disposent \u00e9videmment de tout le confort et de tous les \u00e9quipements dont vous avez besoin, de sorte que rien ne manque et que tout soit toujours \u00e0 votre go\u00fbt.","robots":{"index":"index","follow":"follow","max-snippet":"max-snippet:-1","max-image-preview":"max-image-preview:large","max-video-preview":"max-video-preview:-1"},"canonical":"https:\/\/fenixtransbcn.com\/fr\/installations\/","og_locale":"fr_FR","og_type":"article","og_title":"Installations - F\u00c9NIX TRANS BCN","og_description":"Nos locaux disposent \u00e9videmment de tout le confort et de tous les \u00e9quipements dont vous avez besoin, de sorte que rien ne manque et que tout soit toujours \u00e0 votre go\u00fbt.","og_url":"https:\/\/fenixtransbcn.com\/fr\/installations\/","og_site_name":"F\u00c9NIX TRANS BCN","article_modified_time":"2024-11-11T15:28:48+00:00","og_image":[{"url":"https:\/\/fenixtransbcn.com\/wp-content\/uploads\/01-3-300x300.jpeg","type":"","width":"","height":""}],"twitter_card":"summary_large_image","twitter_misc":{"Dur\u00e9e de lecture estim\u00e9e":"1 minute"},"schema":{"@context":"https:\/\/schema.org","@graph":[{"@type":"WebPage","@id":"https:\/\/fenixtransbcn.com\/fr\/installations\/","url":"https:\/\/fenixtransbcn.com\/fr\/installations\/","name":"Installations - F\u00c9NIX TRANS BCN","isPartOf":{"@id":"https:\/\/fenixtransbcn.com\/#website"},"datePublished":"2023-05-10T13:26:24+00:00","dateModified":"2024-11-11T15:28:48+00:00","description":"Nos locaux disposent \u00e9videmment de tout le confort et de tous les \u00e9quipements dont vous avez besoin, de sorte que rien ne manque et que tout soit toujours \u00e0 votre go\u00fbt.","breadcrumb":{"@id":"https:\/\/fenixtransbcn.com\/fr\/installations\/#breadcrumb"},"inLanguage":"fr-FR","potentialAction":[{"@type":"ReadAction","target":["https:\/\/fenixtransbcn.com\/fr\/installations\/"]}]},{"@type":"BreadcrumbList","@id":"https:\/\/fenixtransbcn.com\/fr\/installations\/#breadcrumb","itemListElement":[{"@type":"ListItem","position":1,"name":"Portada","item":"https:\/\/fenixtransbcn.com\/travestis\/?lang=fr"},{"@type":"ListItem","position":2,"name":"Installations"}]},{"@type":"WebSite","@id":"https:\/\/fenixtransbcn.com\/#website","url":"https:\/\/fenixtransbcn.com\/","name":"F\u00c9NIX TRANS","description":"Centro de masajes con masajistas trans en Barcelona","publisher":{"@id":"https:\/\/fenixtransbcn.com\/#organization"},"alternateName":"Travestis Barcelona","potentialAction":[{"@type":"SearchAction","target":{"@type":"EntryPoint","urlTemplate":"https:\/\/fenixtransbcn.com\/?s={search_term_string}"},"query-input":{"@type":"PropertyValueSpecification","valueRequired":true,"valueName":"search_term_string"}}],"inLanguage":"fr-FR"},{"@type":"Organization","@id":"https:\/\/fenixtransbcn.com\/#organization","name":"F\u00c9NIX TRANS BARCELONA","url":"https:\/\/fenixtransbcn.com\/","logo":{"@type":"ImageObject","inLanguage":"fr-FR","@id":"https:\/\/fenixtransbcn.com\/#\/schema\/logo\/image\/","url":"https:\/\/fenixtransbcn.com\/wp-content\/uploads\/fenix-trans-logo.jpg","contentUrl":"https:\/\/fenixtransbcn.com\/wp-content\/uploads\/fenix-trans-logo.jpg","width":460,"height":125,"caption":"F\u00c9NIX TRANS BARCELONA"},"image":{"@id":"https:\/\/fenixtransbcn.com\/#\/schema\/logo\/image\/"}}]}},"_links":{"self":[{"href":"https:\/\/fenixtransbcn.com\/fr\/wp-json\/wp\/v2\/pages\/2554","targetHints":{"allow":["GET"]}}],"collection":[{"href":"https:\/\/fenixtransbcn.com\/fr\/wp-json\/wp\/v2\/pages"}],"about":[{"href":"https:\/\/fenixtransbcn.com\/fr\/wp-json\/wp\/v2\/types\/page"}],"author":[{"embeddable":true,"href":"https:\/\/fenixtransbcn.com\/fr\/wp-json\/wp\/v2\/users\/1"}],"replies":[{"embeddable":true,"href":"https:\/\/fenixtransbcn.com\/fr\/wp-json\/wp\/v2\/comments?post=2554"}],"version-history":[{"count":1,"href":"https:\/\/fenixtransbcn.com\/fr\/wp-json\/wp\/v2\/pages\/2554\/revisions"}],"predecessor-version":[{"id":3683,"href":"https:\/\/fenixtransbcn.com\/fr\/wp-json\/wp\/v2\/pages\/2554\/revisions\/3683"}],"wp:attachment":[{"href":"https:\/\/fenixtransbcn.com\/fr\/wp-json\/wp\/v2\/media?parent=2554"}],"curies":[{"name":"wp","href":"https:\/\/api.w.org\/{rel}","templated":true}]}}