{"id":3552,"date":"2024-10-05T07:43:18","date_gmt":"2024-10-05T05:43:18","guid":{"rendered":"https:\/\/fenixtransbcn.com\/services-daccompagnement-pour-travestis-a-barcelone\/"},"modified":"2025-02-05T20:06:50","modified_gmt":"2025-02-05T19:06:50","slug":"services-daccompagnement-pour-travestis-a-barcelone","status":"publish","type":"page","link":"https:\/\/fenixtransbcn.com\/fr\/services-daccompagnement-pour-travestis-a-barcelone\/","title":{"rendered":"Services d&rsquo;accompagnement pour travestis \u00e0 Barcelone"},"content":{"rendered":"<h3>Services d&rsquo;escorte trans \u00e0 Barcelone<\/h3>\n<p>Chez <strong>F\u00e9nix Trans<\/strong>, nous collaborons avec les <a href=\"https:\/\/fenixtransbcn.com\/fr\/travestis\/\">escortes transsexuelles les plus \u00e9l\u00e9gantes et les plus belles de Barcelone<\/a> qui font confiance \u00e0 notre exp\u00e9rience pour annoncer leurs services d&rsquo;accompagnement, gr\u00e2ce \u00e0 la discr\u00e9tion et au professionnalisme que nous offrons. La discr\u00e9tion de nos clients est essentielle, c&rsquo;est pourquoi nos protocoles internes garantissent que les clients se sentent \u00e0 l&rsquo;aise \u00e0 tout moment. Profitez de la meilleure <strong>compagnie de Barcelone<\/strong> avec de belles escortes transsexuelles avec lesquelles vous vivrez une exp\u00e9rience unique et sans pr\u00e9c\u00e9dent. Nous vous recommandons de nous contacter au pr\u00e9alable afin que le responsable puisse vous indiquer quelles filles proposent le service qui vous int\u00e9resse et ainsi \u00e9viter tout malentendu.<strong> Certains des services d&rsquo;accompagnement propos\u00e9s par les dames sont les massages \u00e9rotiques, le strip-tease, l&rsquo;exp\u00e9rience entre copines, les sorties \u00e0 l&rsquo;h\u00f4tel et \u00e0 la maison, entre autres. <\/strong>Nous vous recommandons de consulter le dossier de chaque fille pour conna\u00eetre tous les services qu&rsquo;elle propose ou de nous contacter afin que nous puissions vous conseiller au mieux. Nous vous rappelons que tous les travestis qui collaborent avec F\u00e9nix Trans le font librement et d\u00e9cident des services qu&rsquo;ils proposent et de leurs tarifs.<\/p>\n<h3>Escortes transsexuelles \u00e0 domicile et \u00e0 l&rsquo;h\u00f4tel \u00e0 Barcelone<\/h3>\n<p><strong>F\u00e9nix Trans<\/strong> organise \u00e9galement des rencontres avec des <a href=\"https:\/\/fenixtransbcn.com\/fr\/servicios\/travestis-daccompagnement\/\">accompagnateurs travestis \u00e0 l&rsquo;h\u00f4tel<\/a> ou au domicile du client. Un service <strong>d&rsquo;escorte discret \u00e0 domicile \u00e0 Barcelone<\/strong>, pour que nos clients puissent profiter d&rsquo;une bonne compagnie dans l&rsquo;intimit\u00e9 de leur domicile et ainsi vivre une exp\u00e9rience plus d\u00e9tendue. Remonter le moral! Si vous voulez profiter de la meilleure compagnie d&rsquo;une<a href=\"https:\/\/fenixtransbcn.com\/fr\/travestis\/\"> fille trans \u00e0 Barcelone<\/a><\/p>\n<p>Il vous suffit de rechercher l&rsquo;escorte de votre choix sur notre site et de prendre rendez-vous. Vous pouvez \u00e9galement demander le service \u00e0 un h\u00f4tel lorsque vous visitez temporairement la ville. Dans ce service, le travesti se rendra \u00e0 l&rsquo;h\u00f4tel o\u00f9 vous s\u00e9journez et vous pourrez avoir un rendez-vous avec une fille trans spectaculaire sans quitter votre h\u00f4tel.<\/p>\n","protected":false},"excerpt":{"rendered":"<p>Services d&rsquo;escorte trans \u00e0 Barcelone Chez F\u00e9nix Trans, nous collaborons avec les escortes transsexuelles les plus \u00e9l\u00e9gantes et les plus belles de Barcelone qui font confiance \u00e0 notre exp\u00e9rience pour annoncer leurs services d&rsquo;accompagnement, gr\u00e2ce \u00e0 la discr\u00e9tion et au professionnalisme que nous offrons. La discr\u00e9tion de nos clients est essentielle, c&rsquo;est pourquoi nos protocoles [&hellip;]<\/p>\n","protected":false},"author":1,"featured_media":0,"parent":0,"menu_order":0,"comment_status":"closed","ping_status":"closed","template":"page-servicios.php","meta":{"_acf_changed":false,"footnotes":""},"class_list":["post-3552","page","type-page","status-publish","hentry"],"acf":[],"yoast_head":"<!-- This site is optimized with the Yoast SEO plugin v27.5 - https:\/\/yoast.com\/product\/yoast-seo-wordpress\/ -->\n<title>Services d&#039;accompagnement pour travestis \u00e0 Barcelone - F\u00c9NIX TRANS BCN<\/title>\n<meta name=\"description\" content=\"Profitez du plaisir de la meilleure compagnie, avec les escortes travestis les plus belles et les plus \u00e9l\u00e9gantes de Barcelone.\" \/>\n<meta name=\"robots\" content=\"index, follow, max-snippet:-1, max-image-preview:large, max-video-preview:-1\" \/>\n<link rel=\"canonical\" href=\"https:\/\/fenixtransbcn.com\/fr\/services-daccompagnement-pour-travestis-a-barcelone\/\" \/>\n<meta property=\"og:locale\" content=\"fr_FR\" \/>\n<meta property=\"og:type\" content=\"article\" \/>\n<meta property=\"og:title\" content=\"Services d&#039;accompagnement pour travestis \u00e0 Barcelone - F\u00c9NIX TRANS BCN\" \/>\n<meta property=\"og:description\" content=\"Profitez du plaisir de la meilleure compagnie, avec les escortes travestis les plus belles et les plus \u00e9l\u00e9gantes de Barcelone.\" \/>\n<meta property=\"og:url\" content=\"https:\/\/fenixtransbcn.com\/fr\/services-daccompagnement-pour-travestis-a-barcelone\/\" \/>\n<meta property=\"og:site_name\" content=\"F\u00c9NIX TRANS BCN\" \/>\n<meta property=\"article:modified_time\" content=\"2025-02-05T19:06:50+00:00\" \/>\n<meta property=\"og:image\" content=\"https:\/\/fenixtransbcn.com\/wp-content\/uploads\/fenix-trans-logo.jpg\" \/>\n\t<meta property=\"og:image:width\" content=\"460\" \/>\n\t<meta property=\"og:image:height\" content=\"125\" \/>\n\t<meta property=\"og:image:type\" content=\"image\/jpeg\" \/>\n<meta name=\"twitter:card\" content=\"summary_large_image\" \/>\n<meta name=\"twitter:label1\" content=\"Dur\u00e9e de lecture estim\u00e9e\" \/>\n\t<meta name=\"twitter:data1\" content=\"2 minutes\" \/>\n<script type=\"application\/ld+json\" class=\"yoast-schema-graph\">{\"@context\":\"https:\\\/\\\/schema.org\",\"@graph\":[{\"@type\":\"WebPage\",\"@id\":\"https:\\\/\\\/fenixtransbcn.com\\\/fr\\\/services-daccompagnement-pour-travestis-a-barcelone\\\/\",\"url\":\"https:\\\/\\\/fenixtransbcn.com\\\/fr\\\/services-daccompagnement-pour-travestis-a-barcelone\\\/\",\"name\":\"Services d'accompagnement pour travestis \u00e0 Barcelone - F\u00c9NIX TRANS BCN\",\"isPartOf\":{\"@id\":\"https:\\\/\\\/fenixtransbcn.com\\\/fr\\\/#website\"},\"datePublished\":\"2024-10-05T05:43:18+00:00\",\"dateModified\":\"2025-02-05T19:06:50+00:00\",\"description\":\"Profitez du plaisir de la meilleure compagnie, avec les escortes travestis les plus belles et les plus \u00e9l\u00e9gantes de Barcelone.\",\"breadcrumb\":{\"@id\":\"https:\\\/\\\/fenixtransbcn.com\\\/fr\\\/services-daccompagnement-pour-travestis-a-barcelone\\\/#breadcrumb\"},\"inLanguage\":\"fr-FR\",\"potentialAction\":[{\"@type\":\"ReadAction\",\"target\":[\"https:\\\/\\\/fenixtransbcn.com\\\/fr\\\/services-daccompagnement-pour-travestis-a-barcelone\\\/\"]}]},{\"@type\":\"BreadcrumbList\",\"@id\":\"https:\\\/\\\/fenixtransbcn.com\\\/fr\\\/services-daccompagnement-pour-travestis-a-barcelone\\\/#breadcrumb\",\"itemListElement\":[{\"@type\":\"ListItem\",\"position\":1,\"name\":\"Portada\",\"item\":\"https:\\\/\\\/fenixtransbcn.com\\\/fr\\\/travestis\\\/?lang=fr\"},{\"@type\":\"ListItem\",\"position\":2,\"name\":\"Services d&#8217;accompagnement pour travestis \u00e0 Barcelone\"}]},{\"@type\":\"WebSite\",\"@id\":\"https:\\\/\\\/fenixtransbcn.com\\\/fr\\\/#website\",\"url\":\"https:\\\/\\\/fenixtransbcn.com\\\/fr\\\/\",\"name\":\"F\u00c9NIX TRANS\",\"description\":\"Centro de masajes con masajistas trans en Barcelona\",\"publisher\":{\"@id\":\"https:\\\/\\\/fenixtransbcn.com\\\/fr\\\/#organization\"},\"alternateName\":\"Travestis Barcelona\",\"potentialAction\":[{\"@type\":\"SearchAction\",\"target\":{\"@type\":\"EntryPoint\",\"urlTemplate\":\"https:\\\/\\\/fenixtransbcn.com\\\/fr\\\/?s={search_term_string}\"},\"query-input\":{\"@type\":\"PropertyValueSpecification\",\"valueRequired\":true,\"valueName\":\"search_term_string\"}}],\"inLanguage\":\"fr-FR\"},{\"@type\":\"Organization\",\"@id\":\"https:\\\/\\\/fenixtransbcn.com\\\/fr\\\/#organization\",\"name\":\"F\u00c9NIX TRANS BARCELONA\",\"url\":\"https:\\\/\\\/fenixtransbcn.com\\\/fr\\\/\",\"logo\":{\"@type\":\"ImageObject\",\"inLanguage\":\"fr-FR\",\"@id\":\"https:\\\/\\\/fenixtransbcn.com\\\/fr\\\/#\\\/schema\\\/logo\\\/image\\\/\",\"url\":\"https:\\\/\\\/fenixtransbcn.com\\\/wp-content\\\/uploads\\\/fenix-trans-logo.jpg\",\"contentUrl\":\"https:\\\/\\\/fenixtransbcn.com\\\/wp-content\\\/uploads\\\/fenix-trans-logo.jpg\",\"width\":460,\"height\":125,\"caption\":\"F\u00c9NIX TRANS BARCELONA\"},\"image\":{\"@id\":\"https:\\\/\\\/fenixtransbcn.com\\\/fr\\\/#\\\/schema\\\/logo\\\/image\\\/\"}}]}<\/script>\n<!-- \/ Yoast SEO plugin. -->","yoast_head_json":{"title":"Services d'accompagnement pour travestis \u00e0 Barcelone - F\u00c9NIX TRANS BCN","description":"Profitez du plaisir de la meilleure compagnie, avec les escortes travestis les plus belles et les plus \u00e9l\u00e9gantes de Barcelone.","robots":{"index":"index","follow":"follow","max-snippet":"max-snippet:-1","max-image-preview":"max-image-preview:large","max-video-preview":"max-video-preview:-1"},"canonical":"https:\/\/fenixtransbcn.com\/fr\/services-daccompagnement-pour-travestis-a-barcelone\/","og_locale":"fr_FR","og_type":"article","og_title":"Services d'accompagnement pour travestis \u00e0 Barcelone - F\u00c9NIX TRANS BCN","og_description":"Profitez du plaisir de la meilleure compagnie, avec les escortes travestis les plus belles et les plus \u00e9l\u00e9gantes de Barcelone.","og_url":"https:\/\/fenixtransbcn.com\/fr\/services-daccompagnement-pour-travestis-a-barcelone\/","og_site_name":"F\u00c9NIX TRANS BCN","article_modified_time":"2025-02-05T19:06:50+00:00","og_image":[{"width":460,"height":125,"url":"https:\/\/fenixtransbcn.com\/wp-content\/uploads\/fenix-trans-logo.jpg","type":"image\/jpeg"}],"twitter_card":"summary_large_image","twitter_misc":{"Dur\u00e9e de lecture estim\u00e9e":"2 minutes"},"schema":{"@context":"https:\/\/schema.org","@graph":[{"@type":"WebPage","@id":"https:\/\/fenixtransbcn.com\/fr\/services-daccompagnement-pour-travestis-a-barcelone\/","url":"https:\/\/fenixtransbcn.com\/fr\/services-daccompagnement-pour-travestis-a-barcelone\/","name":"Services d'accompagnement pour travestis \u00e0 Barcelone - F\u00c9NIX TRANS BCN","isPartOf":{"@id":"https:\/\/fenixtransbcn.com\/fr\/#website"},"datePublished":"2024-10-05T05:43:18+00:00","dateModified":"2025-02-05T19:06:50+00:00","description":"Profitez du plaisir de la meilleure compagnie, avec les escortes travestis les plus belles et les plus \u00e9l\u00e9gantes de Barcelone.","breadcrumb":{"@id":"https:\/\/fenixtransbcn.com\/fr\/services-daccompagnement-pour-travestis-a-barcelone\/#breadcrumb"},"inLanguage":"fr-FR","potentialAction":[{"@type":"ReadAction","target":["https:\/\/fenixtransbcn.com\/fr\/services-daccompagnement-pour-travestis-a-barcelone\/"]}]},{"@type":"BreadcrumbList","@id":"https:\/\/fenixtransbcn.com\/fr\/services-daccompagnement-pour-travestis-a-barcelone\/#breadcrumb","itemListElement":[{"@type":"ListItem","position":1,"name":"Portada","item":"https:\/\/fenixtransbcn.com\/fr\/travestis\/?lang=fr"},{"@type":"ListItem","position":2,"name":"Services d&#8217;accompagnement pour travestis \u00e0 Barcelone"}]},{"@type":"WebSite","@id":"https:\/\/fenixtransbcn.com\/fr\/#website","url":"https:\/\/fenixtransbcn.com\/fr\/","name":"F\u00c9NIX TRANS","description":"Centro de masajes con masajistas trans en Barcelona","publisher":{"@id":"https:\/\/fenixtransbcn.com\/fr\/#organization"},"alternateName":"Travestis Barcelona","potentialAction":[{"@type":"SearchAction","target":{"@type":"EntryPoint","urlTemplate":"https:\/\/fenixtransbcn.com\/fr\/?s={search_term_string}"},"query-input":{"@type":"PropertyValueSpecification","valueRequired":true,"valueName":"search_term_string"}}],"inLanguage":"fr-FR"},{"@type":"Organization","@id":"https:\/\/fenixtransbcn.com\/fr\/#organization","name":"F\u00c9NIX TRANS BARCELONA","url":"https:\/\/fenixtransbcn.com\/fr\/","logo":{"@type":"ImageObject","inLanguage":"fr-FR","@id":"https:\/\/fenixtransbcn.com\/fr\/#\/schema\/logo\/image\/","url":"https:\/\/fenixtransbcn.com\/wp-content\/uploads\/fenix-trans-logo.jpg","contentUrl":"https:\/\/fenixtransbcn.com\/wp-content\/uploads\/fenix-trans-logo.jpg","width":460,"height":125,"caption":"F\u00c9NIX TRANS BARCELONA"},"image":{"@id":"https:\/\/fenixtransbcn.com\/fr\/#\/schema\/logo\/image\/"}}]}},"_links":{"self":[{"href":"https:\/\/fenixtransbcn.com\/fr\/wp-json\/wp\/v2\/pages\/3552","targetHints":{"allow":["GET"]}}],"collection":[{"href":"https:\/\/fenixtransbcn.com\/fr\/wp-json\/wp\/v2\/pages"}],"about":[{"href":"https:\/\/fenixtransbcn.com\/fr\/wp-json\/wp\/v2\/types\/page"}],"author":[{"embeddable":true,"href":"https:\/\/fenixtransbcn.com\/fr\/wp-json\/wp\/v2\/users\/1"}],"replies":[{"embeddable":true,"href":"https:\/\/fenixtransbcn.com\/fr\/wp-json\/wp\/v2\/comments?post=3552"}],"version-history":[{"count":3,"href":"https:\/\/fenixtransbcn.com\/fr\/wp-json\/wp\/v2\/pages\/3552\/revisions"}],"predecessor-version":[{"id":3880,"href":"https:\/\/fenixtransbcn.com\/fr\/wp-json\/wp\/v2\/pages\/3552\/revisions\/3880"}],"wp:attachment":[{"href":"https:\/\/fenixtransbcn.com\/fr\/wp-json\/wp\/v2\/media?parent=3552"}],"curies":[{"name":"wp","href":"https:\/\/api.w.org\/{rel}","templated":true}]}}